{"id":2,"date":"2022-01-31T11:47:39","date_gmt":"2022-01-31T11:47:39","guid":{"rendered":"https:\/\/la-tuile-des-debuts.hosek.ch\/?page_id=2"},"modified":"2025-04-23T04:53:20","modified_gmt":"2025-04-23T04:53:20","slug":"sample-page","status":"publish","type":"page","link":"https:\/\/la-tuile-des-debuts.hosek.ch\/","title":{"rendered":"La Tuile &#8211; du r\u00eave \u00e0 la r\u00e9alisation"},"content":{"rendered":"\n<p>Cette page est consacr\u00e9e \u00e0 tous les femmes et hommes qui ont rendus possible ce merveilleux lieu d&#8217;humanisme appliqu\u00e9 qui est &#8220;La Tuile&#8221;. Ils sont en partie nomm\u00e9s dans les documents t\u00e9l\u00e9chargeables en bas de page. Mais, il y en avait beaucoup plus. Au courant des ann\u00e9es 1990, la Tuile est devenu un mouvement soutenu par une large partie de la population fribourgeoise. <\/p>\n\n\n\n<figure class=\"wp-block-image size-large\"><img loading=\"lazy\" decoding=\"async\" width=\"1024\" height=\"663\" src=\"https:\/\/la-tuile-des-debuts.hosek.ch\/wp-content\/uploads\/2022\/01\/Ziegeli-1024x663.jpg\" alt=\"\" class=\"wp-image-31\" srcset=\"https:\/\/la-tuile-des-debuts.hosek.ch\/wp-content\/uploads\/2022\/01\/Ziegeli-1024x663.jpg 1024w, https:\/\/la-tuile-des-debuts.hosek.ch\/wp-content\/uploads\/2022\/01\/Ziegeli-300x194.jpg 300w, https:\/\/la-tuile-des-debuts.hosek.ch\/wp-content\/uploads\/2022\/01\/Ziegeli-768x497.jpg 768w, https:\/\/la-tuile-des-debuts.hosek.ch\/wp-content\/uploads\/2022\/01\/Ziegeli-1536x994.jpg 1536w, https:\/\/la-tuile-des-debuts.hosek.ch\/wp-content\/uploads\/2022\/01\/Ziegeli-2048x1325.jpg 2048w, https:\/\/la-tuile-des-debuts.hosek.ch\/wp-content\/uploads\/2022\/01\/Ziegeli-1568x1015.jpg 1568w\" sizes=\"auto, (max-width: 1024px) 100vw, 1024px\" \/><figcaption class=\"wp-element-caption\">Pour trouver l&#8217;argent n\u00e9cessaire, il fallait \u00eatre inventif. Le premier logo symbolisait la notion du pilier d&#8217;aide. (Photo: M. Ho\u0161ek)<\/figcaption><\/figure>\n\n\n\n<p>\u00ab&nbsp;Si quelqu\u2019un r\u00eave seul, ce n\u2019est qu\u2019un r\u00eave. Si beaucoup r\u00eavent ensemble, c\u2019est le d\u00e9but d\u2019une nouvelle r\u00e9alit\u00e9.&nbsp;\u00bb Cette phrase, attribu\u00e9e \u00e0 l\u2019artiste autrichien Friedensreich Hundertwasser, illustre fort bien ce que signifiait  l\u2019engagement pour et avec La Tuile dans ses d\u00e9buts.<\/p>\n\n\n\n<p>Tout a commenc\u00e9 1990 par la conviction d&#8217;un petit groupe d&#8217;obstin\u00e9s qu&#8217;il ne suffisait pas de d\u00e9plorer ce qui manque, mais qu&#8217;il fallait plut\u00f4t participer soi-m\u00eame \u00e0 la construction d&#8217;une nouvelle r\u00e9alit\u00e9.<\/p>\n\n\n\n<p>En 1990, un groupe de r\u00e9flexion et d&#8217;action &#8220;Sleep-In&#8221; r\u00e9unissait \u00e0 Fribourg des personnes de deux centres de loisirs de Fribourg, du centre d\u2019\u00e9tudiants Rue Fries, une \u00e9tudiante de la chaire de travail social, des repr\u00e9sentants du centre Release et des foyers pour toxicomanes \u00abLe radeau\u00bb et \u00abLe Tremplin\u00bb ainsi qu\u2019un habitant d\u2019une maison squatt\u00e9 \u00e0 l\u2019avenue de Beauregard. Ce groupe se donnait pour but de cr\u00e9er une structure d\u2019accueil de nuit pour les personnes en d\u00e9tresse. Le groupe avait effectu\u00e9 deux sondages: l\u2019un pour \u00e9valuer le besoin pour une telle structure aupr\u00e8s des institutions sociales du canton de Fribourg et l\u2019autre aupr\u00e8s des \u00ab&nbsp;sleep-ins&nbsp;\u00bb en Suisse pour conna\u00eetre les exp\u00e9riences faites par les autres villes, pertinentes pour la r\u00e9alisation d\u2019une future variante fribourgeoise.<\/p>\n\n\n\n<p>Le r\u00e9alisation \u00e0 Fribourg n&#8217;\u00e9tait que du papier &#8211; dans un premier temps. Elle se trouvait dans le dossier du projet (<a href=\"https:\/\/la-tuile-des-debuts.hosek.ch\/wp-content\/uploads\/2022\/01\/Dossier-Tuile-1991-dt.pdf\">ici la version allemande<\/a>) et dans <a href=\"https:\/\/la-tuile-des-debuts.hosek.ch\/wp-content\/uploads\/2022\/01\/Une-tuile-comme-pilier-daide-6-1991.pdf\">un premier article du premier pr\u00e9sident (Martin Ho\u0161ek, pr\u00e9sident du comit\u00e9 de l&#8217;association de 1991 \u00e0 1999)<\/a>.  <\/p>\n\n\n\n<p>Pourquoi le nom &#8220;la Tuile&#8221;? La Tuile symbolise ce que nous voulions cr\u00e9er&nbsp;: un r\u00e9pit, bien que partiel (et temporaire). En plus, la Tuile est \u00e9galement synonyme de malchance, ce qui correspond bien \u00e0 la situation des personnes pour lesquelles nous voulions la cr\u00e9er.<\/p>\n\n\n\n<p> Le but de la Tuile \u00e9tait et est toujours de donner aux usagers la possibilit\u00e9 d\u2019am\u00e9liorer leur situation en leur offrant un r\u00e9pit, une \u00ab&nbsp;s\u00e9curit\u00e9 temporaire&nbsp;\u00bb &#8211; comme le formuleront plus tard les \u00e9valuateurs de l\u2019Uni de Fribourg &#8211; pour qu\u2019un avenir meilleur puisse avoir lieu.<\/p>\n\n\n\n<p>Mais le chemin pour y arriver \u00e9tait long. Apr\u00e8s la fondation de l\u2019association le 12 mars 1991, l&#8217;enthousiasme et la conviction du comit\u00e9 restaient longtemps les seuls outils pour b\u00e2tir le centre d\u2019h\u00e9bergement d\u2019urgence. Bien qu\u2019un budget annuel ait \u00e9t\u00e9 \u00e9tabli (comprenant des d\u00e9penses de 425\u2019000 francs par ann\u00e9e) et les besoins en locaux clairement d\u00e9finis, moyens et maison faisaient longtemps d\u00e9faut. Mais \u00e0 l\u2019image de la solidarit\u00e9 que la Tuile voulait instaurer avec les personnes sans-abri, il s&#8217;\u00e9tait d\u00e9velop\u00e9 dans la population fribourgeoise une solidarit\u00e9 grandissante envers le proj\u00e9t au cours des mois et des ann\u00e9es. Aussi, il \u00e9tait au b\u00e9n\u00e9fice d\u2019un <a href=\"https:\/\/www.la-tuile.ch\/medias\/revue-de-presse\/\">int\u00e9r\u00eat bienveillant de la plupart des m\u00e9dias<\/a>.<\/p>\n\n\n\n<figure class=\"wp-block-image size-large\"><img loading=\"lazy\" decoding=\"async\" width=\"1024\" height=\"690\" src=\"https:\/\/la-tuile-des-debuts.hosek.ch\/wp-content\/uploads\/2022\/02\/stand-Tuile-1991-1024x690.jpeg\" alt=\"\" class=\"wp-image-104\" srcset=\"https:\/\/la-tuile-des-debuts.hosek.ch\/wp-content\/uploads\/2022\/02\/stand-Tuile-1991-1024x690.jpeg 1024w, https:\/\/la-tuile-des-debuts.hosek.ch\/wp-content\/uploads\/2022\/02\/stand-Tuile-1991-300x202.jpeg 300w, https:\/\/la-tuile-des-debuts.hosek.ch\/wp-content\/uploads\/2022\/02\/stand-Tuile-1991-768x517.jpeg 768w, https:\/\/la-tuile-des-debuts.hosek.ch\/wp-content\/uploads\/2022\/02\/stand-Tuile-1991-1536x1035.jpeg 1536w, https:\/\/la-tuile-des-debuts.hosek.ch\/wp-content\/uploads\/2022\/02\/stand-Tuile-1991-2048x1379.jpeg 2048w, https:\/\/la-tuile-des-debuts.hosek.ch\/wp-content\/uploads\/2022\/02\/stand-Tuile-1991-1568x1056.jpeg 1568w\" sizes=\"auto, (max-width: 1024px) 100vw, 1024px\" \/><figcaption class=\"wp-element-caption\">En \u00e9t\u00e9 1991, ceci \u00e9tait le seul \u00e9difice (temporaire) de la Tuile (stand de La Tuile \u00e0 un march\u00e9 \u00e0 la planche inf\u00e9rieure de Fribourg). (Photo: M. Ho\u0161ek)<\/figcaption><\/figure>\n\n\n\n<p> La premi\u00e8re maison de la Tuile \u00e0 la Route de Bourguillon 1 \u00e9tait auparavant g\u00e9r\u00e9 par la croix rouge fribourgeoise. C\u2019\u00e9tait un ancien foyer pour requ\u00e9rants d\u2019asile. <\/p>\n\n\n\n<p>Ainsi, gr\u00e2ce \u00e0 un soutien grandissant dans la population et gr\u00e2ce \u00e0 la conviction et au deuxi\u00e8me souffle de tous les membres du comit\u00e9, la Tuile a pu ouvrir ses portes le 26 octobre 1992 aux sans-abris. <\/p>\n\n\n\n<figure class=\"wp-block-image size-large\"><img loading=\"lazy\" decoding=\"async\" width=\"766\" height=\"1024\" src=\"https:\/\/la-tuile-des-debuts.hosek.ch\/wp-content\/uploads\/2025\/04\/Le-Matin-27.10.92-766x1024.png\" alt=\"\" class=\"wp-image-163\" srcset=\"https:\/\/la-tuile-des-debuts.hosek.ch\/wp-content\/uploads\/2025\/04\/Le-Matin-27.10.92-766x1024.png 766w, https:\/\/la-tuile-des-debuts.hosek.ch\/wp-content\/uploads\/2025\/04\/Le-Matin-27.10.92-224x300.png 224w, https:\/\/la-tuile-des-debuts.hosek.ch\/wp-content\/uploads\/2025\/04\/Le-Matin-27.10.92-768x1027.png 768w, https:\/\/la-tuile-des-debuts.hosek.ch\/wp-content\/uploads\/2025\/04\/Le-Matin-27.10.92-1149x1536.png 1149w, https:\/\/la-tuile-des-debuts.hosek.ch\/wp-content\/uploads\/2025\/04\/Le-Matin-27.10.92-1532x2048.png 1532w, https:\/\/la-tuile-des-debuts.hosek.ch\/wp-content\/uploads\/2025\/04\/Le-Matin-27.10.92-1568x2097.png 1568w, https:\/\/la-tuile-des-debuts.hosek.ch\/wp-content\/uploads\/2025\/04\/Le-Matin-27.10.92-scaled.png 1914w\" sizes=\"auto, (max-width: 766px) 100vw, 766px\" \/><figcaption class=\"wp-element-caption\">Journal &#8220;Le Matin&#8221; 27 octobre 1992<\/figcaption><\/figure>\n\n\n\n<p>Tr\u00e8s rapidement, elle est devenu un pilier d&#8217;aide indispensable aux d\u00e9munis, dont t\u00e9moigne <a href=\"https:\/\/la-tuile-des-debuts.hosek.ch\/wp-content\/uploads\/2022\/01\/La-Tiuile-15.12.1992-RSR-1e\u0300re.m4a\">l&#8217;interview Radio du pr\u00e9sident \u00e0 la RSR du 12 d\u00e9cembre 1992<\/a>.<\/p>\n\n\n\n<figure class=\"wp-block-image size-large\"><img loading=\"lazy\" decoding=\"async\" width=\"1024\" height=\"716\" src=\"https:\/\/la-tuile-des-debuts.hosek.ch\/wp-content\/uploads\/2022\/01\/direction-Tuile-1024x716.jpg\" alt=\"\" class=\"wp-image-16\" srcset=\"https:\/\/la-tuile-des-debuts.hosek.ch\/wp-content\/uploads\/2022\/01\/direction-Tuile-1024x716.jpg 1024w, https:\/\/la-tuile-des-debuts.hosek.ch\/wp-content\/uploads\/2022\/01\/direction-Tuile-300x210.jpg 300w, https:\/\/la-tuile-des-debuts.hosek.ch\/wp-content\/uploads\/2022\/01\/direction-Tuile-768x537.jpg 768w, https:\/\/la-tuile-des-debuts.hosek.ch\/wp-content\/uploads\/2022\/01\/direction-Tuile-1536x1074.jpg 1536w, https:\/\/la-tuile-des-debuts.hosek.ch\/wp-content\/uploads\/2022\/01\/direction-Tuile-2048x1431.jpg 2048w, https:\/\/la-tuile-des-debuts.hosek.ch\/wp-content\/uploads\/2022\/01\/direction-Tuile-1568x1096.jpg 1568w\" sizes=\"auto, (max-width: 1024px) 100vw, 1024px\" \/><figcaption class=\"wp-element-caption\">La premi\u00e8re demeure de la Tuile \u00e0 la Route de Bourguillon 1 \u00e0 Fribourg de 1992 \u00e0 2001 (Photo: M. Wolhauser)<\/figcaption><\/figure>\n\n\n\n<p>Les conditions dans lesquelles se trouvait l\u2019association \u00e9taient toujours pr\u00e9caires. Le personnel d\u2019accueil \u2013 souvent des \u00e9tudiants &#8211; devait travailler pour une r\u00e9mun\u00e9ration de Fr. 100. &#8212; pour un service de nuit de 14 heures. Les finances disponibles ne correspondaient m\u00eame pas \u00e0 la moiti\u00e9 du budget annuel initial et ne permettaient, dans un premier temps, qu\u2019un fonctionnement de quelques mois. Mais, port\u00e9 par un \u00e9norme \u00e9lan provenant du fait de s&#8217;investir pour une tr\u00e8s juste cause, le comit\u00e9 a eu le privil\u00e8ge de participer \u00e0 la r\u00e9alisation de quelque chose qui, dans l\u2019appr\u00e9ciation de certains, devait \u00eatre \u00abmort dans l\u2019\u0153uf\u00bb et qui a finalement vu le jour malgr\u00e9 maintes difficult\u00e9s.<\/p>\n\n\n\n<p>Toujours en ce qui concerne les moyens financiers, la ville de Fribourg refusait d\u2019entrer en mati\u00e8re. En effet, le projet semblait faire concurrence au foyer St. Louis, nouvellement ouvert et muni d\u2019un \u00ab&nbsp;local clochard&nbsp;\u00bb non surveill\u00e9. Ce n\u2019\u00e9tait qu\u2019apr\u00e8s un cas d\u2019overdose mortel dans ce local en 1994 que la ville a d\u00e9cid\u00e9 de le fermer et de subventionner la Tuile par la suite.<\/p>\n\n\n\n<p>Madame Ruth L\u00fcthi, bien avant d\u2019\u00eatre \u00e9lue conseill\u00e8re de l\u2019Etat en fin de l\u2019ann\u00e9e 1991, \u00e9tait parmi les membres de premi\u00e8re heure de l&#8217;association La Tuile. A la direction de la sant\u00e9 publique et des affaires sociales, elle a continu\u00e9 \u00e0 la soutenir selon ses possibilit\u00e9s. En effet, gr\u00e2ce au soutien du canton, elle a pu b\u00e9n\u00e9ficier d\u2019autres aides financiers, notamment de la Loterie Romande et de l\u2019Office F\u00e9d\u00e9ral de la Sant\u00e9 Publique. Aussi, Caritas Fribourg et Caritas Suisse \u00e9taient parti prenants dans l&#8217;action, autant financi\u00e8rement que par l\u2019engagement au sein du comit\u00e9.<\/p>\n\n\n\n<p>A la pr\u00e9carit\u00e9 financi\u00e8re des premi\u00e8res ann\u00e9es venaient s\u2019ajouter les diff\u00e9rences d\u2019interpr\u00e9tation du concept d\u2019exploitation entre certains collaborateurs. Le regard ext\u00e9rieur et la m\u00e9diation du superviseur d\u2019\u00e9quipe Thomas Renz et du groupe de nos \u00e9valuateurs de la chaire de travail social men\u00e9 par Peter Sommerfeld \u00e9tait pour beaucoup dans le fait que nous avons pu bien passer ce premier cap apr\u00e8s l\u2019ouverture.<\/p>\n\n\n\n<p>Les ann\u00e9es 1993 \u00e0 1996 \u00e9taient marqu\u00e9es par une lente consolidation de l\u2019offre de la Tuile et de sa base financi\u00e8re. Aussi, c\u2019\u00e9tait le d\u00e9but d\u2019un soutien fid\u00e8le de la part de la communaut\u00e9 Emma\u00fcs qui \u2013 par sa mission \u2013 conna\u00eet tr\u00e8s bien les soucis des d\u00e9munis et des exclus.<\/p>\n\n\n\n<p>Le comit\u00e9 et son pr\u00e9sident devaient s\u2019occuper de la gestion op\u00e9rationnelle de l\u2019institution ce qui n\u2019\u00e9tait \u00e0 long terme pas compatible avec le statut avant tout strat\u00e9gique de cet organe. Ainsi, apr\u00e8s une restructuration de l\u2019institution, une adaptation des statuts et apr\u00e8s un processus de s\u00e9lection minutieux, La Tuile s&#8217;est dot\u00e9e en d\u00e9but de l&#8217;ann\u00e9e 1996 de trois responsables \u00e0 temps partiel auxquels on a pu promettre un salaire minuscule assorti d\u2019un grand engagement pour une cause juste et n\u00e9cessaire: Ruth Moehr pour le personnel, Elisabeth Maret pour les relations publiques et Eric Mullener pour les finances.<\/p>\n\n\n\n<figure class=\"wp-block-image size-large\"><img loading=\"lazy\" decoding=\"async\" width=\"1024\" height=\"705\" src=\"https:\/\/la-tuile-des-debuts.hosek.ch\/wp-content\/uploads\/2022\/01\/1.11.1997-1024x705.jpeg\" alt=\"\" class=\"wp-image-33\" srcset=\"https:\/\/la-tuile-des-debuts.hosek.ch\/wp-content\/uploads\/2022\/01\/1.11.1997-1024x705.jpeg 1024w, https:\/\/la-tuile-des-debuts.hosek.ch\/wp-content\/uploads\/2022\/01\/1.11.1997-300x207.jpeg 300w, https:\/\/la-tuile-des-debuts.hosek.ch\/wp-content\/uploads\/2022\/01\/1.11.1997-768x529.jpeg 768w, https:\/\/la-tuile-des-debuts.hosek.ch\/wp-content\/uploads\/2022\/01\/1.11.1997-1536x1057.jpeg 1536w, https:\/\/la-tuile-des-debuts.hosek.ch\/wp-content\/uploads\/2022\/01\/1.11.1997-2048x1410.jpeg 2048w, https:\/\/la-tuile-des-debuts.hosek.ch\/wp-content\/uploads\/2022\/01\/1.11.1997-1568x1079.jpeg 1568w\" sizes=\"auto, (max-width: 1024px) 100vw, 1024px\" \/><figcaption class=\"wp-element-caption\">Au 5\u00e8me anniversaire de La Tuile en 1997 avec (de gauche) Joanna Milek (veilleuse); Ruth Moehr, responsable du personnel; L\u00e9o de Vellis (veilleur); Eric Mullener, responsable des finances;  Martin Ho\u0161ek, pr\u00e9sident; Elisabeth Maret, responsable des relations publiques (Photo: La Libert\u00e9, Vincent Murith)<\/figcaption><\/figure>\n\n\n\n<p>Bien entendu, les responsables ont continu\u00e9 de travailler comme personnes d\u2019accueil afin d\u2019\u00eatre parfaitement au courant de l\u2019institution qu\u2019il devait pr\u00e9senter ou d\u00e9fendre \u00e0 l\u2019ext\u00e9rieur. L\u2019engagement d\u2019une responsable de relations publique dans une institution sociale n\u2019\u00e9tait pas de coutume \u00e0 l\u2019\u00e9poque. La professionnalisation rapide de nos moyens de communication qu\u2019Elisabeth Maret avait entreprise peu apr\u00e8s son engagement nous a prouv\u00e9 que nous avons pris la bonne option. Avec Eric Mullener comme chef des finances, la consolidation de notre situation financi\u00e8re faisait des grands pas en avant et Ruth Moehr s\u2019est occup\u00e9 habillement \u2013 et avec un grand c\u0153ur \u2013 de l\u2019\u00e9quipe des \u00abveilleurs\u00bb.<\/p>\n\n\n\n<p>Le 25 novembre 1999, le pr\u00e9sident fondateur a pu passer le t\u00e9moin \u00e0 Corinne Siffert qui a conduit l\u2019association avec grande habilit\u00e9 dans le nouveau mill\u00e9naire.<\/p>\n\n\n\n<p>Les rapports d&#8217;activit\u00e9 refl\u00e8tent l&#8217;\u00e9lan de l&#8217;instituioin dans les ann\u00e9es 1990. Ils sont t\u00e9l\u00e9chargeables.<\/p>\n\n\n\n<figure class=\"wp-block-image size-full\"><a href=\"https:\/\/la-tuile-des-debuts.hosek.ch\/wp-content\/uploads\/2022\/01\/La-Tuile-ra-1991.pdf\"><img loading=\"lazy\" decoding=\"async\" width=\"834\" height=\"582\" src=\"https:\/\/la-tuile-des-debuts.hosek.ch\/wp-content\/uploads\/2022\/01\/La-Tuile-ra-1991.jpeg\" alt=\"\" class=\"wp-image-69\" srcset=\"https:\/\/la-tuile-des-debuts.hosek.ch\/wp-content\/uploads\/2022\/01\/La-Tuile-ra-1991.jpeg 834w, https:\/\/la-tuile-des-debuts.hosek.ch\/wp-content\/uploads\/2022\/01\/La-Tuile-ra-1991-300x209.jpeg 300w, https:\/\/la-tuile-des-debuts.hosek.ch\/wp-content\/uploads\/2022\/01\/La-Tuile-ra-1991-768x536.jpeg 768w\" sizes=\"auto, (max-width: 834px) 100vw, 834px\" \/><\/a><figcaption class=\"wp-element-caption\">Rapport d&#8217;activit\u00e9 1991<\/figcaption><\/figure>\n\n\n\n<figure class=\"wp-block-image size-full\"><a href=\"https:\/\/la-tuile-des-debuts.hosek.ch\/wp-content\/uploads\/2022\/01\/La-Tuile-ra-92-93.pdf\"><img loading=\"lazy\" decoding=\"async\" width=\"804\" height=\"566\" src=\"https:\/\/la-tuile-des-debuts.hosek.ch\/wp-content\/uploads\/2022\/01\/La-Tuile-ra-92-93.jpeg\" alt=\"\" class=\"wp-image-67\" srcset=\"https:\/\/la-tuile-des-debuts.hosek.ch\/wp-content\/uploads\/2022\/01\/La-Tuile-ra-92-93.jpeg 804w, https:\/\/la-tuile-des-debuts.hosek.ch\/wp-content\/uploads\/2022\/01\/La-Tuile-ra-92-93-300x211.jpeg 300w, https:\/\/la-tuile-des-debuts.hosek.ch\/wp-content\/uploads\/2022\/01\/La-Tuile-ra-92-93-768x541.jpeg 768w\" sizes=\"auto, (max-width: 804px) 100vw, 804px\" \/><\/a><figcaption class=\"wp-element-caption\">Rapport d&#8217;activit\u00e9 1992 \/ 1993<\/figcaption><\/figure>\n\n\n\n<figure class=\"wp-block-image size-full\"><a href=\"https:\/\/la-tuile-des-debuts.hosek.ch\/wp-content\/uploads\/2022\/01\/La-Tuile-ra-93-94.pdf\"><img loading=\"lazy\" decoding=\"async\" width=\"831\" height=\"584\" src=\"https:\/\/la-tuile-des-debuts.hosek.ch\/wp-content\/uploads\/2022\/01\/La-Tuile-ra-93-94.jpeg\" alt=\"\" class=\"wp-image-66\" srcset=\"https:\/\/la-tuile-des-debuts.hosek.ch\/wp-content\/uploads\/2022\/01\/La-Tuile-ra-93-94.jpeg 831w, https:\/\/la-tuile-des-debuts.hosek.ch\/wp-content\/uploads\/2022\/01\/La-Tuile-ra-93-94-300x211.jpeg 300w, https:\/\/la-tuile-des-debuts.hosek.ch\/wp-content\/uploads\/2022\/01\/La-Tuile-ra-93-94-768x540.jpeg 768w\" sizes=\"auto, (max-width: 831px) 100vw, 831px\" \/><\/a><figcaption class=\"wp-element-caption\">Rapport d&#8217;activit\u00e9 1993 \/ 1994<\/figcaption><\/figure>\n\n\n\n<figure class=\"wp-block-image size-full\"><a href=\"https:\/\/la-tuile-des-debuts.hosek.ch\/wp-content\/uploads\/2022\/01\/La-Tuile-ra-94-95.pdf\"><img loading=\"lazy\" decoding=\"async\" width=\"831\" height=\"578\" src=\"https:\/\/la-tuile-des-debuts.hosek.ch\/wp-content\/uploads\/2022\/01\/La-Tuile-ra-94-95.jpeg\" alt=\"\" class=\"wp-image-68\" srcset=\"https:\/\/la-tuile-des-debuts.hosek.ch\/wp-content\/uploads\/2022\/01\/La-Tuile-ra-94-95.jpeg 831w, https:\/\/la-tuile-des-debuts.hosek.ch\/wp-content\/uploads\/2022\/01\/La-Tuile-ra-94-95-300x209.jpeg 300w, https:\/\/la-tuile-des-debuts.hosek.ch\/wp-content\/uploads\/2022\/01\/La-Tuile-ra-94-95-768x534.jpeg 768w\" sizes=\"auto, (max-width: 831px) 100vw, 831px\" \/><\/a><figcaption class=\"wp-element-caption\">Rapport d&#8217;activit\u00e9 1994 \/ 1995<\/figcaption><\/figure>\n\n\n\n<figure class=\"wp-block-image size-full\"><a href=\"https:\/\/la-tuile-des-debuts.hosek.ch\/wp-content\/uploads\/2022\/01\/La-Tuile-jb-1995.pdf\"><img loading=\"lazy\" decoding=\"async\" width=\"841\" height=\"595\" src=\"https:\/\/la-tuile-des-debuts.hosek.ch\/wp-content\/uploads\/2022\/01\/La-Tuile-jb-1995.png\" alt=\"\" class=\"wp-image-70\" srcset=\"https:\/\/la-tuile-des-debuts.hosek.ch\/wp-content\/uploads\/2022\/01\/La-Tuile-jb-1995.png 841w, https:\/\/la-tuile-des-debuts.hosek.ch\/wp-content\/uploads\/2022\/01\/La-Tuile-jb-1995-300x212.png 300w, https:\/\/la-tuile-des-debuts.hosek.ch\/wp-content\/uploads\/2022\/01\/La-Tuile-jb-1995-768x543.png 768w\" sizes=\"auto, (max-width: 841px) 100vw, 841px\" \/><\/a><figcaption class=\"wp-element-caption\">Jahresbericht 1995<\/figcaption><\/figure>\n\n\n\n<figure class=\"wp-block-image size-full\"><a href=\"https:\/\/la-tuile-des-debuts.hosek.ch\/wp-content\/uploads\/2022\/01\/La-Tuile-ra-1996.pdf\"><img loading=\"lazy\" decoding=\"async\" width=\"841\" height=\"586\" src=\"https:\/\/la-tuile-des-debuts.hosek.ch\/wp-content\/uploads\/2022\/01\/La-Tuile-ra-1996.jpeg\" alt=\"\" class=\"wp-image-73\" srcset=\"https:\/\/la-tuile-des-debuts.hosek.ch\/wp-content\/uploads\/2022\/01\/La-Tuile-ra-1996.jpeg 841w, https:\/\/la-tuile-des-debuts.hosek.ch\/wp-content\/uploads\/2022\/01\/La-Tuile-ra-1996-300x209.jpeg 300w, https:\/\/la-tuile-des-debuts.hosek.ch\/wp-content\/uploads\/2022\/01\/La-Tuile-ra-1996-768x535.jpeg 768w\" sizes=\"auto, (max-width: 841px) 100vw, 841px\" \/><\/a><figcaption class=\"wp-element-caption\">Rapport d&#8217;activit\u00e9 1996<\/figcaption><\/figure>\n\n\n\n<figure class=\"wp-block-image size-full\"><a href=\"https:\/\/la-tuile-des-debuts.hosek.ch\/wp-content\/uploads\/2022\/01\/La-Tuile-ra-1997.pdf\"><img loading=\"lazy\" decoding=\"async\" width=\"841\" height=\"587\" src=\"https:\/\/la-tuile-des-debuts.hosek.ch\/wp-content\/uploads\/2022\/01\/La-Tuile-ra-1997.jpeg\" alt=\"\" class=\"wp-image-74\" srcset=\"https:\/\/la-tuile-des-debuts.hosek.ch\/wp-content\/uploads\/2022\/01\/La-Tuile-ra-1997.jpeg 841w, https:\/\/la-tuile-des-debuts.hosek.ch\/wp-content\/uploads\/2022\/01\/La-Tuile-ra-1997-300x209.jpeg 300w, https:\/\/la-tuile-des-debuts.hosek.ch\/wp-content\/uploads\/2022\/01\/La-Tuile-ra-1997-768x536.jpeg 768w\" sizes=\"auto, (max-width: 841px) 100vw, 841px\" \/><\/a><figcaption class=\"wp-element-caption\">Rapport d&#8217;activit\u00e9 1997<\/figcaption><\/figure>\n\n\n\n<figure class=\"wp-block-image size-full\"><a href=\"https:\/\/la-tuile-des-debuts.hosek.ch\/wp-content\/uploads\/2022\/01\/La-Tuile-ra-1998.pdf\"><img loading=\"lazy\" decoding=\"async\" width=\"841\" height=\"583\" src=\"https:\/\/la-tuile-des-debuts.hosek.ch\/wp-content\/uploads\/2022\/01\/La-Tuile-ra-1998.jpeg\" alt=\"\" class=\"wp-image-71\" srcset=\"https:\/\/la-tuile-des-debuts.hosek.ch\/wp-content\/uploads\/2022\/01\/La-Tuile-ra-1998.jpeg 841w, https:\/\/la-tuile-des-debuts.hosek.ch\/wp-content\/uploads\/2022\/01\/La-Tuile-ra-1998-300x208.jpeg 300w, https:\/\/la-tuile-des-debuts.hosek.ch\/wp-content\/uploads\/2022\/01\/La-Tuile-ra-1998-768x532.jpeg 768w\" sizes=\"auto, (max-width: 841px) 100vw, 841px\" \/><\/a><figcaption class=\"wp-element-caption\">Rapport d&#8217;activit\u00e9 1998<\/figcaption><\/figure>\n\n\n\n<figure class=\"wp-block-image size-full\"><a href=\"https:\/\/la-tuile-des-debuts.hosek.ch\/wp-content\/uploads\/2022\/01\/La-Tuile-ra-1999.pdf\"><img loading=\"lazy\" decoding=\"async\" width=\"841\" height=\"586\" src=\"https:\/\/la-tuile-des-debuts.hosek.ch\/wp-content\/uploads\/2022\/01\/La-Tuile-ra-1999.jpeg\" alt=\"\" class=\"wp-image-72\" srcset=\"https:\/\/la-tuile-des-debuts.hosek.ch\/wp-content\/uploads\/2022\/01\/La-Tuile-ra-1999.jpeg 841w, https:\/\/la-tuile-des-debuts.hosek.ch\/wp-content\/uploads\/2022\/01\/La-Tuile-ra-1999-300x209.jpeg 300w, https:\/\/la-tuile-des-debuts.hosek.ch\/wp-content\/uploads\/2022\/01\/La-Tuile-ra-1999-768x535.jpeg 768w\" sizes=\"auto, (max-width: 841px) 100vw, 841px\" \/><\/a><figcaption class=\"wp-element-caption\">Rapport d&#8217;activit\u00e9 1999<\/figcaption><\/figure>\n\n\n\n<div class=\"wp-block-buttons is-layout-flex wp-block-buttons-is-layout-flex\">\n<div class=\"wp-block-button\"><a class=\"wp-block-button__link wp-element-button\" href=\"https:\/\/www.la-tuile.ch\/\">La Tuile d&#8217;aujourd&#8217;hui<\/a><\/div>\n\n\n\n<div class=\"wp-block-button\"><a class=\"wp-block-button__link wp-element-button\" href=\"https:\/\/hosek.ch\/fr\/\">Le pr\u00e9sident fondateur aujourd&#8217;hui<\/a><\/div>\n\n\n\n<div class=\"wp-block-button\"><a class=\"wp-block-button__link wp-element-button\" href=\"mailto:martin@hosek.ch\">Contactez-moi<\/a><\/div>\n<\/div>\n","protected":false},"excerpt":{"rendered":"<p>Cette page est consacr\u00e9e \u00e0 tous les femmes et hommes qui ont rendus possible ce merveilleux lieu d&#8217;humanisme appliqu\u00e9 qui est &#8220;La Tuile&#8221;. Ils sont en partie nomm\u00e9s dans les documents t\u00e9l\u00e9chargeables en bas de page. Mais, il y en avait beaucoup plus. Au courant des ann\u00e9es 1990, la Tuile est devenu un mouvement soutenu&hellip; <a class=\"more-link\" href=\"https:\/\/la-tuile-des-debuts.hosek.ch\/\">Continue reading <span class=\"screen-reader-text\">La Tuile &#8211; du r\u00eave \u00e0 la r\u00e9alisation<\/span><\/a><\/p>\n","protected":false},"author":1,"featured_media":51,"parent":0,"menu_order":0,"comment_status":"closed","ping_status":"closed","template":"","meta":{"footnotes":""},"class_list":["post-2","page","type-page","status-publish","has-post-thumbnail","hentry","entry"],"_links":{"self":[{"href":"https:\/\/la-tuile-des-debuts.hosek.ch\/index.php?rest_route=\/wp\/v2\/pages\/2","targetHints":{"allow":["GET"]}}],"collection":[{"href":"https:\/\/la-tuile-des-debuts.hosek.ch\/index.php?rest_route=\/wp\/v2\/pages"}],"about":[{"href":"https:\/\/la-tuile-des-debuts.hosek.ch\/index.php?rest_route=\/wp\/v2\/types\/page"}],"author":[{"embeddable":true,"href":"https:\/\/la-tuile-des-debuts.hosek.ch\/index.php?rest_route=\/wp\/v2\/users\/1"}],"replies":[{"embeddable":true,"href":"https:\/\/la-tuile-des-debuts.hosek.ch\/index.php?rest_route=%2Fwp%2Fv2%2Fcomments&post=2"}],"version-history":[{"count":76,"href":"https:\/\/la-tuile-des-debuts.hosek.ch\/index.php?rest_route=\/wp\/v2\/pages\/2\/revisions"}],"predecessor-version":[{"id":166,"href":"https:\/\/la-tuile-des-debuts.hosek.ch\/index.php?rest_route=\/wp\/v2\/pages\/2\/revisions\/166"}],"wp:featuredmedia":[{"embeddable":true,"href":"https:\/\/la-tuile-des-debuts.hosek.ch\/index.php?rest_route=\/wp\/v2\/media\/51"}],"wp:attachment":[{"href":"https:\/\/la-tuile-des-debuts.hosek.ch\/index.php?rest_route=%2Fwp%2Fv2%2Fmedia&parent=2"}],"curies":[{"name":"wp","href":"https:\/\/api.w.org\/{rel}","templated":true}]}}